{"id":1612,"date":"2017-05-09T15:59:41","date_gmt":"2017-05-09T13:59:41","guid":{"rendered":"http:\/\/www.zahnzentrumkoeln.de\/?page_id=1612\/"},"modified":"2017-05-09T15:59:41","modified_gmt":"2017-05-09T13:59:41","slug":"imprint","status":"publish","type":"page","link":"https:\/\/www.zahnzentrumkoeln.de\/en\/imprint\/","title":{"rendered":"Imprint"},"content":{"rendered":"<div class=\"wpb-content-wrapper\"><p>[vc_row full_width=&#8221;stretch_row_content_no_spaces&#8221;][vc_column][vc_gmaps link=&#8221;#E-8_JTNDaWZyYW1lJTIwc3JjJTNEJTIyaHR0cHMlM0ElMkYlMkZ3d3cuZ29vZ2xlLmNvbSUyRm1hcHMlMkZlbWJlZCUzRnBiJTNEJTIxMW0xOCUyMTFtMTIlMjExbTMlMjExZDEwNTguMzAxNzU3OTgyODI3NCUyMTJkNy4wNTczMjY4NzU5ODE3MDY1JTIxM2Q1MC44ODUyMzA0MTIwNjc2OSUyMTJtMyUyMTFmMCUyMTJmMCUyMTNmMCUyMTNtMiUyMTFpMTAyNCUyMTJpNzY4JTIxNGYxMy4xJTIxM20zJTIxMW0yJTIxMXMweDQ3YmYyNzM0NWU0YzJlNTclMjUzQTB4ZTVlYjJiMzVhOTI0MDg1ZCUyMTJzWmFobnplbnRydW0lMkJLJTI1QzMlMjVCNmxuJTJCRHIuJTJCbWVkLmRlbnQuJTJCSiUyNUMzJTI1QjZyZyUyQk1pY2hlbCUyNTJDJTJCRHIuJTJCbWVkLmRlbnQuJTJCRW1yZSUyQlV5c2FsJTJCJTI1MjYlMkJLb2xsZWdlbiUyMTVlMCUyMTNtMiUyMTFzZGUlMjEyc2RlJTIxNHYxNDYyNzgzMDAyMzU4JTIyJTIwd2lkdGglM0QlMjI2MDAlMjIlMjBoZWlnaHQlM0QlMjI0NTAlMjIlMjBmcmFtZWJvcmRlciUzRCUyMjAlMjIlMjBzdHlsZSUzRCUyMmJvcmRlciUzQTAlMjIlMjBhbGxvd2Z1bGxzY3JlZW4lM0UlM0MlMkZpZnJhbWUlM0U=&#8221;][\/vc_column][\/vc_row][vc_row][vc_column width=&#8221;1\/2&#8243;][vc_column_text]<\/p>\n<h1>Impressum<\/h1>\n<div class=\"text-normal\">\n<p>Zahnzentrum K\u00f6ln<br \/>\n<strong>Dr.med.dent. J\u00f6rg Michel<br \/>\nDr.med.dent. Emre Uysal<br \/>\n<\/strong> Zahnarzt<br \/>\nJosefstr. 12<br \/>\n51143 K\u00f6ln<\/p>\n<p>Fon 02203 &#8211; 590 420<\/p>\n<p>E-Mail: <a title=\"Schreiben Sie uns eine E-Mail\" href=\"mailto:info@zahnzentrumkoeln.de\">info@zahnzentrumkoeln.de<\/a><\/p>\n<\/div>\n<p>[\/vc_column_text][\/vc_column][vc_column width=&#8221;1\/2&#8243;][vc_column_text]<\/p>\n<table id=\"table_impressum\">\n<tbody>\n<tr>\n<td><strong>Verantwortlich f\u00fcr den Inhalt:<\/strong><\/td>\n<td>Dr.med.dent. J\u00f6rg Michel<br \/>\nDr.med.dent. Emre Uysal<\/td>\n<\/tr>\n<tr>\n<td><strong>Gesetzl. Berufsbezeichnung:<\/strong><\/td>\n<td>Zahnarzt<br \/>\n(Verliehen in der Bundesrepublik Deutschland)<\/td>\n<\/tr>\n<tr>\n<td><strong>Zust\u00e4ndige Kammer:<\/strong><\/td>\n<td>Zahn\u00e4rztekammer Nordrhein<br \/>\nEmanuel-Leutze-Str. 8<br \/>\n40547 D\u00fcsseldorf<\/td>\n<\/tr>\n<tr>\n<td><strong>Zust\u00e4ndige Aufsichtsbeh\u00f6rde:<\/strong><\/td>\n<td>Kassenzahn\u00e4rztliche Vereinigung Nordrhein<br \/>\nLindemannstr. 34-42<br \/>\n40237 D\u00fcsseldorf<\/td>\n<\/tr>\n<tr>\n<td><strong>Berufsrechtliche Regelungen:<\/strong><\/td>\n<td><a title=\"Das Zahnheilkundegesetz\" href=\"http:\/\/issuu.com\/zahnaerztekammer_nordrhein\/docs\/zahnhg?e=2384088\/2844542\" target=\"_blank\" rel=\"nofollow\">Zahnheilkundegesetz(ZHG)<\/a><br \/>\n<a title=\"Die Geb\u00fchrenordnung f\u00fcr Zahn\u00e4rzte\" href=\"http:\/\/issuu.com\/zahnaerztekammer_nordrhein\/docs\/goz1?e=2384088\/3368712\" target=\"_blank\" rel=\"nofollow\">Geb\u00fchrenordnung f\u00fcr Zahn\u00e4rzte(GOZ)<\/a><br \/>\n<a title=\"Das Heilberufsgesetz\" href=\"http:\/\/issuu.com\/zahnaerztekammer_nordrhein\/docs\/nwer_105_2013.05.13_2013.05.14\" target=\"_blank\" rel=\"nofollow\">Heilberufsgesetz(HeilBerG)<\/a><br \/>\n<a title=\"Die Weiterbildungsordnung\" href=\"http:\/\/issuu.com\/zahnaerztekammer_nordrhein\/docs\/wbo?viewMode=magazine&amp;mode=embed\" target=\"_blank\" rel=\"nofollow\">Weiterbildungsordnung<\/a><br \/>\n<a title=\"Die Berufsordnung\" href=\"http:\/\/issuu.com\/zahnaerztekammer_nordrhein\/docs\/berufsordnung_2007?viewMode=magazine&amp;mode=embed\" target=\"_blank\" rel=\"nofollow\">Berufsordnung<\/a><\/td>\n<\/tr>\n<tr>\n<td><strong>Design &amp; Programmierung:<\/strong><\/td>\n<td>webdesign.koeln<\/td>\n<\/tr>\n<\/tbody>\n<\/table>\n<p>[\/vc_column_text][\/vc_column][\/vc_row][vc_row][vc_column][vc_column_text]<\/p>\n<div id=\"impressum_normal\">\n<div id=\"impressum_innercontent\">\n<p><strong>Validit\u00e4t und Barrierefreiheit<\/strong><br \/>\nQualitativ hochwertiger Programmiercode, sprich guter HTML-Code ist zum einen valide, zum andern m\u00f6glichst barrierefrei und leicht ver\u00e4nderbar.<br \/>\nNur valide Quelltexte garantieren die Perspektive einer l\u00e4ngerfristigen Haltbarkeit der technischen Plattform des Internetauftritts.<\/p>\n<p><strong>Diese Website benutzt Google Analytics<\/strong>, einen Webanalysedienst der Google Inc. (\u201eGoogle\u201c). Google Analytics verwendet sog. \u201eCookies\u201c, Textdateien, die auf Ihrem Computer gespeichert werden und die eine Analyse der Benutzung der Website durch Sie erm\u00f6glichen.<\/p>\n<p>Die durch den Cookie erzeugten Informationen \u00fcber Ihre Benutzung dieser Website werden in der Regel an einen Server von Google in den USA \u00fcbertragen und dort gespeichert. Im Falle der Aktivierung der IP-Anonymisierung auf dieser Webseite, wird Ihre IP-Adresse von Google jedoch innerhalb von Mitgliedstaaten der Europ\u00e4ischen Union oder in anderen Vertragsstaaten des Abkommens \u00fcber den Europ\u00e4ischen Wirtschaftsraum zuvor gek\u00fcrzt. Nur in Ausnahmef\u00e4llen wird die volle IP-Adresse an einen Server von Google in den USA \u00fcbertragen und dort gek\u00fcrzt.<\/p>\n<p>Im Auftrag des Betreibers dieser Website wird Google diese Informationen benutzen, um Ihre Nutzung der Website auszuwerten, um Reports \u00fcber die Websiteaktivit\u00e4ten zusammenzustellen und um weitere mit der Websitenutzung und der Internetnutzung verbundene Dienstleistungen gegen\u00fcber dem Websitebetreiber zu erbringen. Die im Rahmen von Google Analytics von Ihrem Browser \u00fcbermittelte IP-Adresse wird nicht mit anderen Daten von Google zusammengef\u00fchrt. Sie k\u00f6nnen die Speicherung der Cookies durch eine entsprechende Einstellung Ihrer Browser-Software verhindern; wir weisen Sie jedoch darauf hin, dass Sie in diesem Fall gegebenenfalls nicht s\u00e4mtliche Funktionen dieser Website vollumf\u00e4nglich werden nutzen k\u00f6nnen.<\/p>\n<p>Sie k\u00f6nnen dar\u00fcber hinaus die Erfassung der durch das Cookie erzeugten und auf Ihre Nutzung der Website bezogenen Daten (inkl. Ihrer IP-Adresse) an Google sowie die Verarbeitung dieser Daten durch Google verhindern, indem sie das unter dem folgenden Link verf\u00fcgbare Browser-Plugin herunterladen und installieren.<\/p>\n<p><a title=\"Google-Tool\" href=\"http:\/\/tools.google.com\/dlpage\/gaoptout?hl=de\" target=\"_blank\" rel=\"nofollow\">http:\/\/tools.google.com\/dlpage\/gaoptout?hl=de<\/a>.<\/p>\n<p>Der Datenerhebung und -speicherung kann jederzeit mit Wirkung f\u00fcr die Zukunft <a title=\"Google-Tool\" href=\"http:\/\/tools.google.com\/dlpage\/gaoptout?hl=de\" target=\"_blank\" rel=\"nofollow\">widersprochen werden<\/a>. Angesichts der Diskussion um den Einsatz von Analysetools mit vollst\u00e4ndigen IP-Adressen m\u00f6chten wir darauf hinweisen, dass diese Website Google Analytics mit der Erweiterung \u201c_anonymizeIp()\u201d verwendet und daher IP-Adressen nur gek\u00fcrzt weiterverarbeitet werden, um eine direkte Personenbeziehbarkeit auszuschlie\u00dfen.\u201c<\/p>\n<p>&nbsp;<\/p>\n<p><a title=\"Mehr zum Datenschutz und zu unserem Haftungsausschluss\" href=\"datenschutz\/index.html\">Datenschutz &amp; Haftungsausschluss \u00bb<\/a><\/p>\n<\/div>\n<\/div>\n<p>[\/vc_column_text][\/vc_column][\/vc_row][vc_row][vc_column][vc_column_text]<div id=\"wpgmza_map\" class=\"wpgmza_map\" data-settings='{\"id\":\"1\",\"map_title\":\"Zahnzentrum K\\u00f6ln\",\"map_width\":\"100\",\"map_height\":\"400\",\"map_start_lat\":\"50.888781\",\"map_start_lng\":\"7.067422\",\"map_start_location\":\"50.88878059372707,7.067421945108867\",\"map_start_zoom\":\"13\",\"default_marker\":\"0\",\"type\":\"1\",\"alignment\":\"1\",\"directions_enabled\":\"1\",\"styling_enabled\":\"0\",\"styling_json\":\"\",\"active\":\"0\",\"kml\":\"\",\"bicycle\":\"0\",\"traffic\":\"0\",\"dbox\":\"1\",\"dbox_width\":\"250\",\"listmarkers\":\"0\",\"listmarkers_advanced\":\"0\",\"filterbycat\":\"0\",\"ugm_enabled\":\"0\",\"ugm_category_enabled\":\"0\",\"fusion\":\"\",\"map_width_type\":\"\\\\%\",\"map_height_type\":\"px\",\"mass_marker_support\":\"1\",\"ugm_access\":\"0\",\"order_markers_by\":\"1\",\"order_markers_choice\":\"2\",\"show_user_location\":\"0\",\"default_to\":\"\",\"other_settings\":{\"store_locator_enabled\":2,\"store_locator_distance\":2,\"store_locator_bounce\":1,\"store_locator_query_string\":\"ZIP \\\/ Address:\",\"wpgmza_store_locator_restrict\":\"\",\"map_max_zoom\":\"1\",\"transport_layer\":0,\"wpgmza_theme_data\":\"[{\\\\\\\"featureType\\\\\\\": \\\\\\\"administrative\\\\\\\",\\\\\\\"elementType\\\\\\\": \\\\\\\"labels.text.fill\\\\\\\",\\\\\\\"stylers\\\\\\\": [{\\\\\\\"color\\\\\\\": \\\\\\\"#444444\\\\\\\"}]},{\\\\\\\"featureType\\\\\\\": \\\\\\\"landscape\\\\\\\",\\\\\\\"elementType\\\\\\\": \\\\\\\"all\\\\\\\",\\\\\\\"stylers\\\\\\\": [{\\\\\\\"color\\\\\\\": \\\\\\\"#f2f2f2\\\\\\\"}]},{\\\\\\\"featureType\\\\\\\": \\\\\\\"poi\\\\\\\",\\\\\\\"elementType\\\\\\\": \\\\\\\"all\\\\\\\",\\\\\\\"stylers\\\\\\\": [{\\\\\\\"visibility\\\\\\\": \\\\\\\"off\\\\\\\"}]},{\\\\\\\"featureType\\\\\\\": \\\\\\\"road\\\\\\\",\\\\\\\"elementType\\\\\\\": \\\\\\\"all\\\\\\\",\\\\\\\"stylers\\\\\\\": [{\\\\\\\"saturation\\\\\\\": -100},{\\\\\\\"lightness\\\\\\\": 45}]},{\\\\\\\"featureType\\\\\\\": \\\\\\\"road.highway\\\\\\\",\\\\\\\"elementType\\\\\\\": \\\\\\\"all\\\\\\\",\\\\\\\"stylers\\\\\\\": [{\\\\\\\"visibility\\\\\\\": \\\\\\\"simplified\\\\\\\"}]},{\\\\\\\"featureType\\\\\\\": \\\\\\\"road.arterial\\\\\\\",\\\\\\\"elementType\\\\\\\": \\\\\\\"labels.icon\\\\\\\",\\\\\\\"stylers\\\\\\\": [{\\\\\\\"visibility\\\\\\\": \\\\\\\"off\\\\\\\"}]},{\\\\\\\"featureType\\\\\\\": \\\\\\\"transit\\\\\\\",\\\\\\\"elementType\\\\\\\": \\\\\\\"all\\\\\\\",\\\\\\\"stylers\\\\\\\": [{\\\\\\\"visibility\\\\\\\": \\\\\\\"off\\\\\\\"}]},{\\\\\\\"featureType\\\\\\\": \\\\\\\"water\\\\\\\",\\\\\\\"elementType\\\\\\\": \\\\\\\"all\\\\\\\",\\\\\\\"stylers\\\\\\\": [{\\\\\\\"color\\\\\\\": \\\\\\\"#46bcec\\\\\\\"},{\\\\\\\"visibility\\\\\\\": \\\\\\\"on\\\\\\\"}]}]\",\"wpgmza_theme_selection\":1}}' data-map-id='1' Data-maps-engine='' data-shortcode-attributes='{\"id\":\"1\"}' style=\"display:block; overflow:auto; width:100%; height:400px; float:left;\"><\/div>[\/vc_column_text][\/vc_column][\/vc_row]<\/p>\n<\/div>","protected":false},"excerpt":{"rendered":"<p>[vc_row full_width=&#8221;stretch_row_content_no_spaces&#8221;][vc_column][vc_gmaps link=&#8221;#E-8_JTNDaWZyYW1lJTIwc3JjJTNEJTIyaHR0cHMlM0ElMkYlMkZ3d3cuZ29vZ2xlLmNvbSUyRm1hcHMlMkZlbWJlZCUzRnBiJTNEJTIxMW0xOCUyMTFtMTIlMjExbTMlMjExZDEwNTguMzAxNzU3OTgyODI3NCUyMTJkNy4wNTczMjY4NzU5ODE3MDY1JTIxM2Q1MC44ODUyMzA0MTIwNjc2OSUyMTJtMyUyMTFmMCUyMTJmMCUyMTNmMCUyMTNtMiUyMTFpMTAyNCUyMTJpNzY4JTIxNGYxMy4xJTIxM20zJTIxMW0yJTIxMXMweDQ3YmYyNzM0NWU0YzJlNTclMjUzQTB4ZTVlYjJiMzVhOTI0MDg1ZCUyMTJzWmFobnplbnRydW0lMkJLJTI1QzMlMjVCNmxuJTJCRHIuJTJCbWVkLmRlbnQuJTJCSiUyNUMzJTI1QjZyZyUyQk1pY2hlbCUyNTJDJTJCRHIuJTJCbWVkLmRlbnQuJTJCRW1yZSUyQlV5c2FsJTJCJTI1MjYlMkJLb2xsZWdlbiUyMTVlMCUyMTNtMiUyMTFzZGUlMjEyc2RlJTIxNHYxNDYyNzgzMDAyMzU4JTIyJTIwd2lkdGglM0QlMjI2MDAlMjIlMjBoZWlnaHQlM0QlMjI0NTAlMjIlMjBmcmFtZWJvcmRlciUzRCUyMjAlMjIlMjBzdHlsZSUzRCUyMmJvcmRlciUzQTAlMjIlMjBhbGxvd2Z1bGxzY3JlZW4lM0UlM0MlMkZpZnJhbWUlM0U=&#8221;][\/vc_column][\/vc_row][vc_row][vc_column width=&#8221;1\/2&#8243;][vc_column_text] Impressum Zahnzentrum K\u00f6ln Dr.med.dent. J\u00f6rg Michel Dr.med.dent. Emre Uysal Zahnarzt Josefstr. 12 51143 K\u00f6ln Fon 02203 &#8211; 590 420 E-Mail: info@zahnzentrumkoeln.de [\/vc_column_text][\/vc_column][vc_column<span class=\"excerpt-hellip\"> [\u2026]<\/span><\/p>\n","protected":false},"author":1,"featured_media":0,"parent":0,"menu_order":0,"comment_status":"closed","ping_status":"closed","template":"","meta":{"footnotes":""},"class_list":["post-1612","page","type-page","status-publish","hentry"],"yoast_head":"<!-- This site is optimized with the Yoast SEO plugin v27.1.1 - https:\/\/yoast.com\/product\/yoast-seo-wordpress\/ -->\n<title>Imprint - Zahnzentrum K\u00f6ln<\/title>\n<meta name=\"robots\" content=\"noindex, follow, max-snippet:-1, max-image-preview:large, max-video-preview:-1\" \/>\n<meta property=\"og:locale\" content=\"en_US\" \/>\n<meta property=\"og:type\" content=\"article\" \/>\n<meta property=\"og:title\" content=\"Imprint - Zahnzentrum K\u00f6ln\" \/>\n<meta property=\"og:description\" content=\"[vc_row full_width=&#8221;stretch_row_content_no_spaces&#8221;][vc_column][vc_gmaps link=&#8221;#E-8_JTNDaWZyYW1lJTIwc3JjJTNEJTIyaHR0cHMlM0ElMkYlMkZ3d3cuZ29vZ2xlLmNvbSUyRm1hcHMlMkZlbWJlZCUzRnBiJTNEJTIxMW0xOCUyMTFtMTIlMjExbTMlMjExZDEwNTguMzAxNzU3OTgyODI3NCUyMTJkNy4wNTczMjY4NzU5ODE3MDY1JTIxM2Q1MC44ODUyMzA0MTIwNjc2OSUyMTJtMyUyMTFmMCUyMTJmMCUyMTNmMCUyMTNtMiUyMTFpMTAyNCUyMTJpNzY4JTIxNGYxMy4xJTIxM20zJTIxMW0yJTIxMXMweDQ3YmYyNzM0NWU0YzJlNTclMjUzQTB4ZTVlYjJiMzVhOTI0MDg1ZCUyMTJzWmFobnplbnRydW0lMkJLJTI1QzMlMjVCNmxuJTJCRHIuJTJCbWVkLmRlbnQuJTJCSiUyNUMzJTI1QjZyZyUyQk1pY2hlbCUyNTJDJTJCRHIuJTJCbWVkLmRlbnQuJTJCRW1yZSUyQlV5c2FsJTJCJTI1MjYlMkJLb2xsZWdlbiUyMTVlMCUyMTNtMiUyMTFzZGUlMjEyc2RlJTIxNHYxNDYyNzgzMDAyMzU4JTIyJTIwd2lkdGglM0QlMjI2MDAlMjIlMjBoZWlnaHQlM0QlMjI0NTAlMjIlMjBmcmFtZWJvcmRlciUzRCUyMjAlMjIlMjBzdHlsZSUzRCUyMmJvcmRlciUzQTAlMjIlMjBhbGxvd2Z1bGxzY3JlZW4lM0UlM0MlMkZpZnJhbWUlM0U=&#8221;][\/vc_column][\/vc_row][vc_row][vc_column width=&#8221;1\/2&#8243;][vc_column_text] Impressum Zahnzentrum K\u00f6ln Dr.med.dent. J\u00f6rg Michel Dr.med.dent. Emre Uysal Zahnarzt Josefstr. 12 51143 K\u00f6ln Fon 02203 &#8211; 590 420 E-Mail: info@zahnzentrumkoeln.de [\/vc_column_text][\/vc_column][vc_column [\u2026]\" \/>\n<meta property=\"og:url\" content=\"https:\/\/www.zahnzentrumkoeln.de\/impressum\/\" \/>\n<meta property=\"og:site_name\" content=\"Zahnzentrum K\u00f6ln\" \/>\n<meta name=\"twitter:card\" content=\"summary_large_image\" \/>\n<meta name=\"twitter:label1\" content=\"Est. reading time\" \/>\n\t<meta name=\"twitter:data1\" content=\"3 minutes\" \/>\n<script type=\"application\/ld+json\" class=\"yoast-schema-graph\">{\"@context\":\"https:\/\/schema.org\",\"@graph\":[{\"@type\":\"WebPage\",\"@id\":\"https:\/\/www.zahnzentrumkoeln.de\/impressum\/\",\"url\":\"https:\/\/www.zahnzentrumkoeln.de\/impressum\/\",\"name\":\"Imprint - Zahnzentrum K\u00f6ln\",\"isPartOf\":{\"@id\":\"https:\/\/www.zahnzentrumkoeln.de\/#website\"},\"datePublished\":\"2017-05-09T13:59:41+00:00\",\"breadcrumb\":{\"@id\":\"https:\/\/www.zahnzentrumkoeln.de\/impressum\/#breadcrumb\"},\"inLanguage\":\"en-US\",\"potentialAction\":[{\"@type\":\"ReadAction\",\"target\":[\"https:\/\/www.zahnzentrumkoeln.de\/impressum\/\"]}]},{\"@type\":\"BreadcrumbList\",\"@id\":\"https:\/\/www.zahnzentrumkoeln.de\/impressum\/#breadcrumb\",\"itemListElement\":[{\"@type\":\"ListItem\",\"position\":1,\"name\":\"Startseite\",\"item\":\"https:\/\/www.zahnzentrumkoeln.de\/en\/\"},{\"@type\":\"ListItem\",\"position\":2,\"name\":\"Imprint\"}]},{\"@type\":\"WebSite\",\"@id\":\"https:\/\/www.zahnzentrumkoeln.de\/#website\",\"url\":\"https:\/\/www.zahnzentrumkoeln.de\/\",\"name\":\"Zahnzentrum K\u00f6ln\",\"description\":\"Dr. J\u00f6rg Michel, Dr. Emre Uysal &amp; Kollegen\",\"potentialAction\":[{\"@type\":\"SearchAction\",\"target\":{\"@type\":\"EntryPoint\",\"urlTemplate\":\"https:\/\/www.zahnzentrumkoeln.de\/?s={search_term_string}\"},\"query-input\":{\"@type\":\"PropertyValueSpecification\",\"valueRequired\":true,\"valueName\":\"search_term_string\"}}],\"inLanguage\":\"en-US\"}]}<\/script>\n<!-- \/ Yoast SEO plugin. -->","yoast_head_json":{"title":"Imprint - Zahnzentrum K\u00f6ln","robots":{"index":"noindex","follow":"follow","max-snippet":"max-snippet:-1","max-image-preview":"max-image-preview:large","max-video-preview":"max-video-preview:-1"},"og_locale":"en_US","og_type":"article","og_title":"Imprint - Zahnzentrum K\u00f6ln","og_description":"[vc_row full_width=&#8221;stretch_row_content_no_spaces&#8221;][vc_column][vc_gmaps link=&#8221;#E-8_JTNDaWZyYW1lJTIwc3JjJTNEJTIyaHR0cHMlM0ElMkYlMkZ3d3cuZ29vZ2xlLmNvbSUyRm1hcHMlMkZlbWJlZCUzRnBiJTNEJTIxMW0xOCUyMTFtMTIlMjExbTMlMjExZDEwNTguMzAxNzU3OTgyODI3NCUyMTJkNy4wNTczMjY4NzU5ODE3MDY1JTIxM2Q1MC44ODUyMzA0MTIwNjc2OSUyMTJtMyUyMTFmMCUyMTJmMCUyMTNmMCUyMTNtMiUyMTFpMTAyNCUyMTJpNzY4JTIxNGYxMy4xJTIxM20zJTIxMW0yJTIxMXMweDQ3YmYyNzM0NWU0YzJlNTclMjUzQTB4ZTVlYjJiMzVhOTI0MDg1ZCUyMTJzWmFobnplbnRydW0lMkJLJTI1QzMlMjVCNmxuJTJCRHIuJTJCbWVkLmRlbnQuJTJCSiUyNUMzJTI1QjZyZyUyQk1pY2hlbCUyNTJDJTJCRHIuJTJCbWVkLmRlbnQuJTJCRW1yZSUyQlV5c2FsJTJCJTI1MjYlMkJLb2xsZWdlbiUyMTVlMCUyMTNtMiUyMTFzZGUlMjEyc2RlJTIxNHYxNDYyNzgzMDAyMzU4JTIyJTIwd2lkdGglM0QlMjI2MDAlMjIlMjBoZWlnaHQlM0QlMjI0NTAlMjIlMjBmcmFtZWJvcmRlciUzRCUyMjAlMjIlMjBzdHlsZSUzRCUyMmJvcmRlciUzQTAlMjIlMjBhbGxvd2Z1bGxzY3JlZW4lM0UlM0MlMkZpZnJhbWUlM0U=&#8221;][\/vc_column][\/vc_row][vc_row][vc_column width=&#8221;1\/2&#8243;][vc_column_text] Impressum Zahnzentrum K\u00f6ln Dr.med.dent. J\u00f6rg Michel Dr.med.dent. Emre Uysal Zahnarzt Josefstr. 12 51143 K\u00f6ln Fon 02203 &#8211; 590 420 E-Mail: info@zahnzentrumkoeln.de [\/vc_column_text][\/vc_column][vc_column [\u2026]","og_url":"https:\/\/www.zahnzentrumkoeln.de\/impressum\/","og_site_name":"Zahnzentrum K\u00f6ln","twitter_card":"summary_large_image","twitter_misc":{"Est. reading time":"3 minutes"},"schema":{"@context":"https:\/\/schema.org","@graph":[{"@type":"WebPage","@id":"https:\/\/www.zahnzentrumkoeln.de\/impressum\/","url":"https:\/\/www.zahnzentrumkoeln.de\/impressum\/","name":"Imprint - Zahnzentrum K\u00f6ln","isPartOf":{"@id":"https:\/\/www.zahnzentrumkoeln.de\/#website"},"datePublished":"2017-05-09T13:59:41+00:00","breadcrumb":{"@id":"https:\/\/www.zahnzentrumkoeln.de\/impressum\/#breadcrumb"},"inLanguage":"en-US","potentialAction":[{"@type":"ReadAction","target":["https:\/\/www.zahnzentrumkoeln.de\/impressum\/"]}]},{"@type":"BreadcrumbList","@id":"https:\/\/www.zahnzentrumkoeln.de\/impressum\/#breadcrumb","itemListElement":[{"@type":"ListItem","position":1,"name":"Startseite","item":"https:\/\/www.zahnzentrumkoeln.de\/en\/"},{"@type":"ListItem","position":2,"name":"Imprint"}]},{"@type":"WebSite","@id":"https:\/\/www.zahnzentrumkoeln.de\/#website","url":"https:\/\/www.zahnzentrumkoeln.de\/","name":"Zahnzentrum K\u00f6ln","description":"Dr. J\u00f6rg Michel, Dr. Emre Uysal &amp; Kollegen","potentialAction":[{"@type":"SearchAction","target":{"@type":"EntryPoint","urlTemplate":"https:\/\/www.zahnzentrumkoeln.de\/?s={search_term_string}"},"query-input":{"@type":"PropertyValueSpecification","valueRequired":true,"valueName":"search_term_string"}}],"inLanguage":"en-US"}]}},"_links":{"self":[{"href":"https:\/\/www.zahnzentrumkoeln.de\/en\/wp-json\/wp\/v2\/pages\/1612","targetHints":{"allow":["GET"]}}],"collection":[{"href":"https:\/\/www.zahnzentrumkoeln.de\/en\/wp-json\/wp\/v2\/pages"}],"about":[{"href":"https:\/\/www.zahnzentrumkoeln.de\/en\/wp-json\/wp\/v2\/types\/page"}],"author":[{"embeddable":true,"href":"https:\/\/www.zahnzentrumkoeln.de\/en\/wp-json\/wp\/v2\/users\/1"}],"replies":[{"embeddable":true,"href":"https:\/\/www.zahnzentrumkoeln.de\/en\/wp-json\/wp\/v2\/comments?post=1612"}],"version-history":[{"count":0,"href":"https:\/\/www.zahnzentrumkoeln.de\/en\/wp-json\/wp\/v2\/pages\/1612\/revisions"}],"wp:attachment":[{"href":"https:\/\/www.zahnzentrumkoeln.de\/en\/wp-json\/wp\/v2\/media?parent=1612"}],"curies":[{"name":"wp","href":"https:\/\/api.w.org\/{rel}","templated":true}]}}