{"id":1555,"date":"2016-05-06T09:46:28","date_gmt":"2016-05-06T07:46:28","guid":{"rendered":"http:\/\/www.zahnzentrumkoeln.de\/3dscanner\/"},"modified":"2017-05-09T13:52:49","modified_gmt":"2017-05-09T11:52:49","slug":"3dscanner","status":"publish","type":"page","link":"https:\/\/www.zahnzentrumkoeln.de\/en\/3dscanner\/","title":{"rendered":"3D Scanner"},"content":{"rendered":"<div class=\"wpb-content-wrapper\"><p>[vc_row css=&#8221;.vc_custom_1462372359694{margin-top: 72px !important;}&#8221;][vc_column width=&#8221;2\/3&#8243;][vc_column_text]<\/p>\n<h1>intraoral imaging-technology<\/h1>\n<h2>digital orthodontics: intraoral imaging-technology<\/h2>\n<p>By using the new intra oral scan you take advantage of an innovative system for orthodontic impression. In this way we would like to achieve fast and perfect treatment results to offer you the maximum comfort. You don&#8217;t have to be afraid of the conventional silicone dental impression anymore.<\/p>\n<p>We use the AFI technology which works with excellent precision and accuracy. The advantage for you is neither an unpleasant taste in your mouth nor the suppression of the pharyngeal reflex.<\/p>\n<p><img loading=\"lazy\" decoding=\"async\" class=\"size-medium wp-image-410\" src=\"http:\/\/www.zahnzentrumkoeln.de\/wp-content\/uploads\/2016\/05\/stone-models-300x200.jpg\" alt=\"Herk\u00f6mmlich Gipsmodelle werden jetzt \u00fcberfl\u00fcssig\" width=\"300\" height=\"200\" srcset=\"https:\/\/www.zahnzentrumkoeln.de\/wp-content\/uploads\/2016\/05\/stone-models-300x200.jpg 300w, https:\/\/www.zahnzentrumkoeln.de\/wp-content\/uploads\/2016\/05\/stone-models-219x146.jpg 219w, https:\/\/www.zahnzentrumkoeln.de\/wp-content\/uploads\/2016\/05\/stone-models-50x33.jpg 50w, https:\/\/www.zahnzentrumkoeln.de\/wp-content\/uploads\/2016\/05\/stone-models-113x75.jpg 113w, https:\/\/www.zahnzentrumkoeln.de\/wp-content\/uploads\/2016\/05\/stone-models.jpg 500w\" sizes=\"auto, (max-width:767px) 300px, 300px\" \/>[\/vc_column_text][\/vc_column][vc_column width=&#8221;1\/3&#8243;][vc_widget_sidebar sidebar_id=&#8221;mfn-search&#8221;][\/vc_column][\/vc_row]<\/p>\n<\/div>","protected":false},"excerpt":{"rendered":"<p>[vc_row css=&#8221;.vc_custom_1462372359694{margin-top: 72px !important;}&#8221;][vc_column width=&#8221;2\/3&#8243;][vc_column_text] intraoral imaging-technology digital orthodontics: intraoral imaging-technology By using the new intra oral scan you take advantage of an innovative system for<span class=\"excerpt-hellip\"> [\u2026]<\/span><\/p>\n","protected":false},"author":1,"featured_media":0,"parent":0,"menu_order":0,"comment_status":"closed","ping_status":"closed","template":"","meta":{"footnotes":""},"class_list":["post-1555","page","type-page","status-publish","hentry"],"yoast_head":"<!-- This site is optimized with the Yoast SEO plugin v27.1.1 - https:\/\/yoast.com\/product\/yoast-seo-wordpress\/ -->\n<title>Digitale Kieferorthop\u00e4die - Zahnzentrum K\u00f6ln<\/title>\n<meta name=\"description\" content=\"Der Intraoral-Scanner, innovatives System auf Basis modernster Technik. Profitieren Sie von schnellen und perfekten Behandlungsergbnissen - abdruckfrei.\" \/>\n<meta name=\"robots\" content=\"index, follow, max-snippet:-1, max-image-preview:large, max-video-preview:-1\" \/>\n<link rel=\"canonical\" href=\"https:\/\/www.zahnzentrumkoeln.de\/en\/3dscanner\/\" \/>\n<meta property=\"og:locale\" content=\"en_US\" \/>\n<meta property=\"og:type\" content=\"article\" \/>\n<meta property=\"og:title\" content=\"Digitale Kieferorthop\u00e4die - Zahnzentrum K\u00f6ln\" \/>\n<meta property=\"og:description\" content=\"Der Intraoral-Scanner, innovatives System auf Basis modernster Technik. Profitieren Sie von schnellen und perfekten Behandlungsergbnissen - abdruckfrei.\" \/>\n<meta property=\"og:url\" content=\"https:\/\/www.zahnzentrumkoeln.de\/en\/3dscanner\/\" \/>\n<meta property=\"og:site_name\" content=\"Zahnzentrum K\u00f6ln\" \/>\n<meta property=\"article:modified_time\" content=\"2017-05-09T11:52:49+00:00\" \/>\n<meta property=\"og:image\" content=\"http:\/\/www.zahnzentrumkoeln.de\/wp-content\/uploads\/2016\/05\/stone-models-300x200.jpg\" \/>\n<meta name=\"twitter:card\" content=\"summary_large_image\" \/>\n<meta name=\"twitter:label1\" content=\"Est. reading time\" \/>\n\t<meta name=\"twitter:data1\" content=\"1 minute\" \/>\n<script type=\"application\/ld+json\" class=\"yoast-schema-graph\">{\"@context\":\"https:\/\/schema.org\",\"@graph\":[{\"@type\":\"WebPage\",\"@id\":\"https:\/\/www.zahnzentrumkoeln.de\/en\/3dscanner\/\",\"url\":\"https:\/\/www.zahnzentrumkoeln.de\/en\/3dscanner\/\",\"name\":\"Digitale Kieferorthop\u00e4die - Zahnzentrum K\u00f6ln\",\"isPartOf\":{\"@id\":\"https:\/\/www.zahnzentrumkoeln.de\/#website\"},\"primaryImageOfPage\":{\"@id\":\"https:\/\/www.zahnzentrumkoeln.de\/en\/3dscanner\/#primaryimage\"},\"image\":{\"@id\":\"https:\/\/www.zahnzentrumkoeln.de\/en\/3dscanner\/#primaryimage\"},\"thumbnailUrl\":\"http:\/\/www.zahnzentrumkoeln.de\/wp-content\/uploads\/2016\/05\/stone-models-300x200.jpg\",\"datePublished\":\"2016-05-06T07:46:28+00:00\",\"dateModified\":\"2017-05-09T11:52:49+00:00\",\"description\":\"Der Intraoral-Scanner, innovatives System auf Basis modernster Technik. Profitieren Sie von schnellen und perfekten Behandlungsergbnissen - abdruckfrei.\",\"breadcrumb\":{\"@id\":\"https:\/\/www.zahnzentrumkoeln.de\/en\/3dscanner\/#breadcrumb\"},\"inLanguage\":\"en-US\",\"potentialAction\":[{\"@type\":\"ReadAction\",\"target\":[\"https:\/\/www.zahnzentrumkoeln.de\/en\/3dscanner\/\"]}]},{\"@type\":\"ImageObject\",\"inLanguage\":\"en-US\",\"@id\":\"https:\/\/www.zahnzentrumkoeln.de\/en\/3dscanner\/#primaryimage\",\"url\":\"http:\/\/www.zahnzentrumkoeln.de\/wp-content\/uploads\/2016\/05\/stone-models-300x200.jpg\",\"contentUrl\":\"http:\/\/www.zahnzentrumkoeln.de\/wp-content\/uploads\/2016\/05\/stone-models-300x200.jpg\"},{\"@type\":\"BreadcrumbList\",\"@id\":\"https:\/\/www.zahnzentrumkoeln.de\/en\/3dscanner\/#breadcrumb\",\"itemListElement\":[{\"@type\":\"ListItem\",\"position\":1,\"name\":\"Startseite\",\"item\":\"https:\/\/www.zahnzentrumkoeln.de\/en\/\"},{\"@type\":\"ListItem\",\"position\":2,\"name\":\"3D Scanner\"}]},{\"@type\":\"WebSite\",\"@id\":\"https:\/\/www.zahnzentrumkoeln.de\/#website\",\"url\":\"https:\/\/www.zahnzentrumkoeln.de\/\",\"name\":\"Zahnzentrum K\u00f6ln\",\"description\":\"Dr. J\u00f6rg Michel, Dr. Emre Uysal &amp; Kollegen\",\"potentialAction\":[{\"@type\":\"SearchAction\",\"target\":{\"@type\":\"EntryPoint\",\"urlTemplate\":\"https:\/\/www.zahnzentrumkoeln.de\/?s={search_term_string}\"},\"query-input\":{\"@type\":\"PropertyValueSpecification\",\"valueRequired\":true,\"valueName\":\"search_term_string\"}}],\"inLanguage\":\"en-US\"}]}<\/script>\n<!-- \/ Yoast SEO plugin. -->","yoast_head_json":{"title":"Digitale Kieferorthop\u00e4die - Zahnzentrum K\u00f6ln","description":"Der Intraoral-Scanner, innovatives System auf Basis modernster Technik. Profitieren Sie von schnellen und perfekten Behandlungsergbnissen - abdruckfrei.","robots":{"index":"index","follow":"follow","max-snippet":"max-snippet:-1","max-image-preview":"max-image-preview:large","max-video-preview":"max-video-preview:-1"},"canonical":"https:\/\/www.zahnzentrumkoeln.de\/en\/3dscanner\/","og_locale":"en_US","og_type":"article","og_title":"Digitale Kieferorthop\u00e4die - Zahnzentrum K\u00f6ln","og_description":"Der Intraoral-Scanner, innovatives System auf Basis modernster Technik. Profitieren Sie von schnellen und perfekten Behandlungsergbnissen - abdruckfrei.","og_url":"https:\/\/www.zahnzentrumkoeln.de\/en\/3dscanner\/","og_site_name":"Zahnzentrum K\u00f6ln","article_modified_time":"2017-05-09T11:52:49+00:00","og_image":[{"url":"http:\/\/www.zahnzentrumkoeln.de\/wp-content\/uploads\/2016\/05\/stone-models-300x200.jpg","type":"","width":"","height":""}],"twitter_card":"summary_large_image","twitter_misc":{"Est. reading time":"1 minute"},"schema":{"@context":"https:\/\/schema.org","@graph":[{"@type":"WebPage","@id":"https:\/\/www.zahnzentrumkoeln.de\/en\/3dscanner\/","url":"https:\/\/www.zahnzentrumkoeln.de\/en\/3dscanner\/","name":"Digitale Kieferorthop\u00e4die - Zahnzentrum K\u00f6ln","isPartOf":{"@id":"https:\/\/www.zahnzentrumkoeln.de\/#website"},"primaryImageOfPage":{"@id":"https:\/\/www.zahnzentrumkoeln.de\/en\/3dscanner\/#primaryimage"},"image":{"@id":"https:\/\/www.zahnzentrumkoeln.de\/en\/3dscanner\/#primaryimage"},"thumbnailUrl":"http:\/\/www.zahnzentrumkoeln.de\/wp-content\/uploads\/2016\/05\/stone-models-300x200.jpg","datePublished":"2016-05-06T07:46:28+00:00","dateModified":"2017-05-09T11:52:49+00:00","description":"Der Intraoral-Scanner, innovatives System auf Basis modernster Technik. Profitieren Sie von schnellen und perfekten Behandlungsergbnissen - abdruckfrei.","breadcrumb":{"@id":"https:\/\/www.zahnzentrumkoeln.de\/en\/3dscanner\/#breadcrumb"},"inLanguage":"en-US","potentialAction":[{"@type":"ReadAction","target":["https:\/\/www.zahnzentrumkoeln.de\/en\/3dscanner\/"]}]},{"@type":"ImageObject","inLanguage":"en-US","@id":"https:\/\/www.zahnzentrumkoeln.de\/en\/3dscanner\/#primaryimage","url":"http:\/\/www.zahnzentrumkoeln.de\/wp-content\/uploads\/2016\/05\/stone-models-300x200.jpg","contentUrl":"http:\/\/www.zahnzentrumkoeln.de\/wp-content\/uploads\/2016\/05\/stone-models-300x200.jpg"},{"@type":"BreadcrumbList","@id":"https:\/\/www.zahnzentrumkoeln.de\/en\/3dscanner\/#breadcrumb","itemListElement":[{"@type":"ListItem","position":1,"name":"Startseite","item":"https:\/\/www.zahnzentrumkoeln.de\/en\/"},{"@type":"ListItem","position":2,"name":"3D Scanner"}]},{"@type":"WebSite","@id":"https:\/\/www.zahnzentrumkoeln.de\/#website","url":"https:\/\/www.zahnzentrumkoeln.de\/","name":"Zahnzentrum K\u00f6ln","description":"Dr. J\u00f6rg Michel, Dr. Emre Uysal &amp; Kollegen","potentialAction":[{"@type":"SearchAction","target":{"@type":"EntryPoint","urlTemplate":"https:\/\/www.zahnzentrumkoeln.de\/?s={search_term_string}"},"query-input":{"@type":"PropertyValueSpecification","valueRequired":true,"valueName":"search_term_string"}}],"inLanguage":"en-US"}]}},"_links":{"self":[{"href":"https:\/\/www.zahnzentrumkoeln.de\/en\/wp-json\/wp\/v2\/pages\/1555","targetHints":{"allow":["GET"]}}],"collection":[{"href":"https:\/\/www.zahnzentrumkoeln.de\/en\/wp-json\/wp\/v2\/pages"}],"about":[{"href":"https:\/\/www.zahnzentrumkoeln.de\/en\/wp-json\/wp\/v2\/types\/page"}],"author":[{"embeddable":true,"href":"https:\/\/www.zahnzentrumkoeln.de\/en\/wp-json\/wp\/v2\/users\/1"}],"replies":[{"embeddable":true,"href":"https:\/\/www.zahnzentrumkoeln.de\/en\/wp-json\/wp\/v2\/comments?post=1555"}],"version-history":[{"count":0,"href":"https:\/\/www.zahnzentrumkoeln.de\/en\/wp-json\/wp\/v2\/pages\/1555\/revisions"}],"wp:attachment":[{"href":"https:\/\/www.zahnzentrumkoeln.de\/en\/wp-json\/wp\/v2\/media?parent=1555"}],"curies":[{"name":"wp","href":"https:\/\/api.w.org\/{rel}","templated":true}]}}