{"id":1424,"date":"2016-05-06T09:16:26","date_gmt":"2016-05-06T07:16:26","guid":{"rendered":"http:\/\/www.zahnzentrumkoeln.de\/angstpatienten\/"},"modified":"2017-05-09T14:49:15","modified_gmt":"2017-05-09T12:49:15","slug":"angstpatienten","status":"publish","type":"page","link":"https:\/\/www.zahnzentrumkoeln.de\/en\/angstpatienten\/","title":{"rendered":"Phobic patients"},"content":{"rendered":"<div class=\"wpb-content-wrapper\"><p>[vc_row css=&#8221;.vc_custom_1462372359694{margin-top: 72px !important;}&#8221;][vc_column width=&#8221;2\/3&#8243;][vc_column_text]<\/p>\n<h2>Phobic patients<\/h2>\n<p>To overcome\u00a0any fears that some patients may have, we will have a detailed medical consultation in a pleasant atmosphere. We take the time for you and there will be no long waiting times. We will explain all steps of the treatment and answer all of your questions. We ensure you will profit from a precious and focused working method and the team will welcome you in a friendly and familiar atmosphere.<\/p>\n<p>To make sure that we can provide you with a more individual service, please let us know if you are afraid of a dental treatment before the\u00a0appointment. Our staff members will find a suitable date for you.<\/p>\n<p>&nbsp;<\/p>\n<h2>Treatment with dental nitrous oxide<\/h2>\n<p>Nitrous oxide is a safe and effective sedative agent that is mixed with oxygen and inhaled through a small mask that fits over your nose <strong>to help you relax<\/strong>.<\/p>\n<p>Nitrous oxide, so called \u201claughing gas,\u201d is one option we offer to help make you more\u00a0comfortable during certain procedures. It is not intended to put you to sleep. You will be able to hear and respond to any requests or directions we may have. We will ask you to breathe normally through your nose, and within a few short minutes you should start to feel the effects of the nitrous oxide. You may feel light-headed or a tingling in your arms and legs. <strong>Ultimately, you should feel calm and comfortable<\/strong>. The effects of nitrous oxide wear off soon after the mask is removed.<\/p>\n<p><span style=\"text-decoration: underline;\">Advantages of nitrous oxide treatment:<\/span><\/p>\n<ul>\n<li><em>one of the safest pharmaceuticals<\/em><\/li>\n<li><em> best possible controllable <\/em><em>sedative<\/em><\/li>\n<li><em>pain relievingand relaxing effect <\/em><\/li>\n<\/ul>\n<p>[\/vc_column_text][\/vc_column][vc_column width=&#8221;1\/3&#8243;][vc_widget_sidebar sidebar_id=&#8221;mfn-search&#8221;][\/vc_column][\/vc_row]<\/p>\n<\/div>","protected":false},"excerpt":{"rendered":"<p>[vc_row css=&#8221;.vc_custom_1462372359694{margin-top: 72px !important;}&#8221;][vc_column width=&#8221;2\/3&#8243;][vc_column_text] Phobic patients To overcome\u00a0any fears that some patients may have, we will have a detailed medical consultation in a pleasant atmosphere.<span class=\"excerpt-hellip\"> [\u2026]<\/span><\/p>\n","protected":false},"author":1,"featured_media":0,"parent":0,"menu_order":0,"comment_status":"closed","ping_status":"closed","template":"","meta":{"footnotes":""},"class_list":["post-1424","page","type-page","status-publish","hentry"],"yoast_head":"<!-- This site is optimized with the Yoast SEO plugin v27.1.1 - https:\/\/yoast.com\/product\/yoast-seo-wordpress\/ -->\n<title>Wir nehmen Angstpatienten die Angst - Zahnzentrum K\u00f6ln<\/title>\n<meta name=\"description\" content=\"Wir nehmen Ihre \u00c4ngste. In ruhiger Atmosph\u00e4re f\u00fchren wir zun\u00e4chst ein Gespr\u00e4ch um vertrauen aufzubauen und die Behandlung zu besprechen.\" \/>\n<meta name=\"robots\" content=\"index, follow, max-snippet:-1, max-image-preview:large, max-video-preview:-1\" \/>\n<link rel=\"canonical\" href=\"https:\/\/www.zahnzentrumkoeln.de\/en\/angstpatienten\/\" \/>\n<meta property=\"og:locale\" content=\"en_US\" \/>\n<meta property=\"og:type\" content=\"article\" \/>\n<meta property=\"og:title\" content=\"Wir nehmen Angstpatienten die Angst - Zahnzentrum K\u00f6ln\" \/>\n<meta property=\"og:description\" content=\"Wir nehmen Ihre \u00c4ngste. In ruhiger Atmosph\u00e4re f\u00fchren wir zun\u00e4chst ein Gespr\u00e4ch um vertrauen aufzubauen und die Behandlung zu besprechen.\" \/>\n<meta property=\"og:url\" content=\"https:\/\/www.zahnzentrumkoeln.de\/en\/angstpatienten\/\" \/>\n<meta property=\"og:site_name\" content=\"Zahnzentrum K\u00f6ln\" \/>\n<meta property=\"article:modified_time\" content=\"2017-05-09T12:49:15+00:00\" \/>\n<meta name=\"twitter:card\" content=\"summary_large_image\" \/>\n<meta name=\"twitter:label1\" content=\"Est. reading time\" \/>\n\t<meta name=\"twitter:data1\" content=\"2 minutes\" \/>\n<script type=\"application\/ld+json\" class=\"yoast-schema-graph\">{\"@context\":\"https:\/\/schema.org\",\"@graph\":[{\"@type\":\"WebPage\",\"@id\":\"https:\/\/www.zahnzentrumkoeln.de\/en\/angstpatienten\/\",\"url\":\"https:\/\/www.zahnzentrumkoeln.de\/en\/angstpatienten\/\",\"name\":\"Wir nehmen Angstpatienten die Angst - Zahnzentrum K\u00f6ln\",\"isPartOf\":{\"@id\":\"https:\/\/www.zahnzentrumkoeln.de\/#website\"},\"datePublished\":\"2016-05-06T07:16:26+00:00\",\"dateModified\":\"2017-05-09T12:49:15+00:00\",\"description\":\"Wir nehmen Ihre \u00c4ngste. In ruhiger Atmosph\u00e4re f\u00fchren wir zun\u00e4chst ein Gespr\u00e4ch um vertrauen aufzubauen und die Behandlung zu besprechen.\",\"breadcrumb\":{\"@id\":\"https:\/\/www.zahnzentrumkoeln.de\/en\/angstpatienten\/#breadcrumb\"},\"inLanguage\":\"en-US\",\"potentialAction\":[{\"@type\":\"ReadAction\",\"target\":[\"https:\/\/www.zahnzentrumkoeln.de\/en\/angstpatienten\/\"]}]},{\"@type\":\"BreadcrumbList\",\"@id\":\"https:\/\/www.zahnzentrumkoeln.de\/en\/angstpatienten\/#breadcrumb\",\"itemListElement\":[{\"@type\":\"ListItem\",\"position\":1,\"name\":\"Startseite\",\"item\":\"https:\/\/www.zahnzentrumkoeln.de\/en\/\"},{\"@type\":\"ListItem\",\"position\":2,\"name\":\"Phobic patients\"}]},{\"@type\":\"WebSite\",\"@id\":\"https:\/\/www.zahnzentrumkoeln.de\/#website\",\"url\":\"https:\/\/www.zahnzentrumkoeln.de\/\",\"name\":\"Zahnzentrum K\u00f6ln\",\"description\":\"Dr. J\u00f6rg Michel, Dr. Emre Uysal &amp; Kollegen\",\"potentialAction\":[{\"@type\":\"SearchAction\",\"target\":{\"@type\":\"EntryPoint\",\"urlTemplate\":\"https:\/\/www.zahnzentrumkoeln.de\/?s={search_term_string}\"},\"query-input\":{\"@type\":\"PropertyValueSpecification\",\"valueRequired\":true,\"valueName\":\"search_term_string\"}}],\"inLanguage\":\"en-US\"}]}<\/script>\n<!-- \/ Yoast SEO plugin. -->","yoast_head_json":{"title":"Wir nehmen Angstpatienten die Angst - Zahnzentrum K\u00f6ln","description":"Wir nehmen Ihre \u00c4ngste. In ruhiger Atmosph\u00e4re f\u00fchren wir zun\u00e4chst ein Gespr\u00e4ch um vertrauen aufzubauen und die Behandlung zu besprechen.","robots":{"index":"index","follow":"follow","max-snippet":"max-snippet:-1","max-image-preview":"max-image-preview:large","max-video-preview":"max-video-preview:-1"},"canonical":"https:\/\/www.zahnzentrumkoeln.de\/en\/angstpatienten\/","og_locale":"en_US","og_type":"article","og_title":"Wir nehmen Angstpatienten die Angst - Zahnzentrum K\u00f6ln","og_description":"Wir nehmen Ihre \u00c4ngste. In ruhiger Atmosph\u00e4re f\u00fchren wir zun\u00e4chst ein Gespr\u00e4ch um vertrauen aufzubauen und die Behandlung zu besprechen.","og_url":"https:\/\/www.zahnzentrumkoeln.de\/en\/angstpatienten\/","og_site_name":"Zahnzentrum K\u00f6ln","article_modified_time":"2017-05-09T12:49:15+00:00","twitter_card":"summary_large_image","twitter_misc":{"Est. reading time":"2 minutes"},"schema":{"@context":"https:\/\/schema.org","@graph":[{"@type":"WebPage","@id":"https:\/\/www.zahnzentrumkoeln.de\/en\/angstpatienten\/","url":"https:\/\/www.zahnzentrumkoeln.de\/en\/angstpatienten\/","name":"Wir nehmen Angstpatienten die Angst - Zahnzentrum K\u00f6ln","isPartOf":{"@id":"https:\/\/www.zahnzentrumkoeln.de\/#website"},"datePublished":"2016-05-06T07:16:26+00:00","dateModified":"2017-05-09T12:49:15+00:00","description":"Wir nehmen Ihre \u00c4ngste. In ruhiger Atmosph\u00e4re f\u00fchren wir zun\u00e4chst ein Gespr\u00e4ch um vertrauen aufzubauen und die Behandlung zu besprechen.","breadcrumb":{"@id":"https:\/\/www.zahnzentrumkoeln.de\/en\/angstpatienten\/#breadcrumb"},"inLanguage":"en-US","potentialAction":[{"@type":"ReadAction","target":["https:\/\/www.zahnzentrumkoeln.de\/en\/angstpatienten\/"]}]},{"@type":"BreadcrumbList","@id":"https:\/\/www.zahnzentrumkoeln.de\/en\/angstpatienten\/#breadcrumb","itemListElement":[{"@type":"ListItem","position":1,"name":"Startseite","item":"https:\/\/www.zahnzentrumkoeln.de\/en\/"},{"@type":"ListItem","position":2,"name":"Phobic patients"}]},{"@type":"WebSite","@id":"https:\/\/www.zahnzentrumkoeln.de\/#website","url":"https:\/\/www.zahnzentrumkoeln.de\/","name":"Zahnzentrum K\u00f6ln","description":"Dr. J\u00f6rg Michel, Dr. Emre Uysal &amp; Kollegen","potentialAction":[{"@type":"SearchAction","target":{"@type":"EntryPoint","urlTemplate":"https:\/\/www.zahnzentrumkoeln.de\/?s={search_term_string}"},"query-input":{"@type":"PropertyValueSpecification","valueRequired":true,"valueName":"search_term_string"}}],"inLanguage":"en-US"}]}},"_links":{"self":[{"href":"https:\/\/www.zahnzentrumkoeln.de\/en\/wp-json\/wp\/v2\/pages\/1424","targetHints":{"allow":["GET"]}}],"collection":[{"href":"https:\/\/www.zahnzentrumkoeln.de\/en\/wp-json\/wp\/v2\/pages"}],"about":[{"href":"https:\/\/www.zahnzentrumkoeln.de\/en\/wp-json\/wp\/v2\/types\/page"}],"author":[{"embeddable":true,"href":"https:\/\/www.zahnzentrumkoeln.de\/en\/wp-json\/wp\/v2\/users\/1"}],"replies":[{"embeddable":true,"href":"https:\/\/www.zahnzentrumkoeln.de\/en\/wp-json\/wp\/v2\/comments?post=1424"}],"version-history":[{"count":0,"href":"https:\/\/www.zahnzentrumkoeln.de\/en\/wp-json\/wp\/v2\/pages\/1424\/revisions"}],"wp:attachment":[{"href":"https:\/\/www.zahnzentrumkoeln.de\/en\/wp-json\/wp\/v2\/media?parent=1424"}],"curies":[{"name":"wp","href":"https:\/\/api.w.org\/{rel}","templated":true}]}}