{"id":1409,"date":"2016-05-03T10:28:53","date_gmt":"2016-05-03T08:28:53","guid":{"rendered":"http:\/\/www.zahnzentrumkoeln.de\/computergestuetzte-bohrschablone\/"},"modified":"2017-05-09T14:31:27","modified_gmt":"2017-05-09T12:31:27","slug":"computergestuetzte-bohrschablone","status":"publish","type":"page","link":"https:\/\/www.zahnzentrumkoeln.de\/en\/computergestuetzte-bohrschablone\/","title":{"rendered":"Computer-aided drilling template"},"content":{"rendered":"<div class=\"wpb-content-wrapper\"><p>[vc_row css=&#8221;.vc_custom_1462372359694{margin-top: 72px !important;}&#8221;][vc_column width=&#8221;2\/3&#8243;][vc_column_text]<\/p>\n<h2>computer-aided drilling template<\/h2>\n<p>By using the\u00a0<strong>SICAT drilling template<\/strong> we are able to plan the implantation with precision and at low cost.[\/vc_column_text][vc_single_image image=&#8221;752&#8243; img_size=&#8221;full&#8221; alignment=&#8221;center&#8221; css_animation=&#8221;appear&#8221;][vc_column_text]The drilling template ensures the exact implant placement at the correct position. The planning as well as the production of the drilling template are based on x ray data. To make sure the implant is thorougly embedded in the jaw, we place the drilling-template on the jaw before the start of the treatment.[\/vc_column_text][vc_single_image image=&#8221;753&#8243; img_size=&#8221;full&#8221; alignment=&#8221;center&#8221; css_animation=&#8221;appear&#8221;][vc_column_text]Your advantage: You receive an individual customized drilling template which is produced in our own laboratory.[\/vc_column_text][\/vc_column][vc_column width=&#8221;1\/3&#8243;][vc_column_text]Wenn Sie Fragen haben, nutzen Sie unser Formular oder rufen Sie uns an.<\/p>\n<p>02203 &#8211; 590 420[\/vc_column_text][vc_widget_sidebar sidebar_id=&#8221;mfn-search&#8221;][\/vc_column][\/vc_row]<\/p>\n<\/div>","protected":false},"excerpt":{"rendered":"<p>[vc_row css=&#8221;.vc_custom_1462372359694{margin-top: 72px !important;}&#8221;][vc_column width=&#8221;2\/3&#8243;][vc_column_text] computer-aided drilling template By using the\u00a0SICAT drilling template we are able to plan the implantation with precision and at low cost.[\/vc_column_text][vc_single_image<span class=\"excerpt-hellip\"> [\u2026]<\/span><\/p>\n","protected":false},"author":1,"featured_media":0,"parent":0,"menu_order":0,"comment_status":"closed","ping_status":"closed","template":"","meta":{"footnotes":""},"class_list":["post-1409","page","type-page","status-publish","hentry"],"yoast_head":"<!-- This site is optimized with the Yoast SEO plugin v27.1.1 - https:\/\/yoast.com\/product\/yoast-seo-wordpress\/ -->\n<title>Computergest\u00fctzte Bohrschablone - Zahnzentrum K\u00f6ln<\/title>\n<meta name=\"description\" content=\"Die Bohrmaschine von SICAT erm\u00f6glicht Implantation pr\u00e4zise und kosteng\u00fcnstig zu planen. Feste Verankerung der Implantante und exakter Sitz. Mehr erfahren...\" \/>\n<meta name=\"robots\" content=\"index, follow, max-snippet:-1, max-image-preview:large, max-video-preview:-1\" \/>\n<link rel=\"canonical\" href=\"https:\/\/www.zahnzentrumkoeln.de\/en\/computergestuetzte-bohrschablone\/\" \/>\n<meta property=\"og:locale\" content=\"en_US\" \/>\n<meta property=\"og:type\" content=\"article\" \/>\n<meta property=\"og:title\" content=\"Computergest\u00fctzte Bohrschablone - Zahnzentrum K\u00f6ln\" \/>\n<meta property=\"og:description\" content=\"Die Bohrmaschine von SICAT erm\u00f6glicht Implantation pr\u00e4zise und kosteng\u00fcnstig zu planen. Feste Verankerung der Implantante und exakter Sitz. Mehr erfahren...\" \/>\n<meta property=\"og:url\" content=\"https:\/\/www.zahnzentrumkoeln.de\/computergestuetzte-bohrschablone\/\" \/>\n<meta property=\"og:site_name\" content=\"Zahnzentrum K\u00f6ln\" \/>\n<meta property=\"article:modified_time\" content=\"2017-05-09T12:31:27+00:00\" \/>\n<meta name=\"twitter:card\" content=\"summary_large_image\" \/>\n<meta name=\"twitter:label1\" content=\"Est. reading time\" \/>\n\t<meta name=\"twitter:data1\" content=\"1 minute\" \/>\n<script type=\"application\/ld+json\" class=\"yoast-schema-graph\">{\"@context\":\"https:\/\/schema.org\",\"@graph\":[{\"@type\":\"WebPage\",\"@id\":\"https:\/\/www.zahnzentrumkoeln.de\/computergestuetzte-bohrschablone\/\",\"url\":\"https:\/\/www.zahnzentrumkoeln.de\/computergestuetzte-bohrschablone\/\",\"name\":\"Computergest\u00fctzte Bohrschablone - Zahnzentrum K\u00f6ln\",\"isPartOf\":{\"@id\":\"https:\/\/www.zahnzentrumkoeln.de\/#website\"},\"datePublished\":\"2016-05-03T08:28:53+00:00\",\"dateModified\":\"2017-05-09T12:31:27+00:00\",\"description\":\"Die Bohrmaschine von SICAT erm\u00f6glicht Implantation pr\u00e4zise und kosteng\u00fcnstig zu planen. Feste Verankerung der Implantante und exakter Sitz. Mehr erfahren...\",\"breadcrumb\":{\"@id\":\"https:\/\/www.zahnzentrumkoeln.de\/computergestuetzte-bohrschablone\/#breadcrumb\"},\"inLanguage\":\"en-US\",\"potentialAction\":[{\"@type\":\"ReadAction\",\"target\":[\"https:\/\/www.zahnzentrumkoeln.de\/computergestuetzte-bohrschablone\/\"]}]},{\"@type\":\"BreadcrumbList\",\"@id\":\"https:\/\/www.zahnzentrumkoeln.de\/computergestuetzte-bohrschablone\/#breadcrumb\",\"itemListElement\":[{\"@type\":\"ListItem\",\"position\":1,\"name\":\"Startseite\",\"item\":\"https:\/\/www.zahnzentrumkoeln.de\/en\/\"},{\"@type\":\"ListItem\",\"position\":2,\"name\":\"Computer-aided drilling template\"}]},{\"@type\":\"WebSite\",\"@id\":\"https:\/\/www.zahnzentrumkoeln.de\/#website\",\"url\":\"https:\/\/www.zahnzentrumkoeln.de\/\",\"name\":\"Zahnzentrum K\u00f6ln\",\"description\":\"Dr. J\u00f6rg Michel, Dr. Emre Uysal &amp; Kollegen\",\"potentialAction\":[{\"@type\":\"SearchAction\",\"target\":{\"@type\":\"EntryPoint\",\"urlTemplate\":\"https:\/\/www.zahnzentrumkoeln.de\/?s={search_term_string}\"},\"query-input\":{\"@type\":\"PropertyValueSpecification\",\"valueRequired\":true,\"valueName\":\"search_term_string\"}}],\"inLanguage\":\"en-US\"}]}<\/script>\n<!-- \/ Yoast SEO plugin. -->","yoast_head_json":{"title":"Computergest\u00fctzte Bohrschablone - Zahnzentrum K\u00f6ln","description":"Die Bohrmaschine von SICAT erm\u00f6glicht Implantation pr\u00e4zise und kosteng\u00fcnstig zu planen. Feste Verankerung der Implantante und exakter Sitz. Mehr erfahren...","robots":{"index":"index","follow":"follow","max-snippet":"max-snippet:-1","max-image-preview":"max-image-preview:large","max-video-preview":"max-video-preview:-1"},"canonical":"https:\/\/www.zahnzentrumkoeln.de\/en\/computergestuetzte-bohrschablone\/","og_locale":"en_US","og_type":"article","og_title":"Computergest\u00fctzte Bohrschablone - Zahnzentrum K\u00f6ln","og_description":"Die Bohrmaschine von SICAT erm\u00f6glicht Implantation pr\u00e4zise und kosteng\u00fcnstig zu planen. Feste Verankerung der Implantante und exakter Sitz. Mehr erfahren...","og_url":"https:\/\/www.zahnzentrumkoeln.de\/computergestuetzte-bohrschablone\/","og_site_name":"Zahnzentrum K\u00f6ln","article_modified_time":"2017-05-09T12:31:27+00:00","twitter_card":"summary_large_image","twitter_misc":{"Est. reading time":"1 minute"},"schema":{"@context":"https:\/\/schema.org","@graph":[{"@type":"WebPage","@id":"https:\/\/www.zahnzentrumkoeln.de\/computergestuetzte-bohrschablone\/","url":"https:\/\/www.zahnzentrumkoeln.de\/computergestuetzte-bohrschablone\/","name":"Computergest\u00fctzte Bohrschablone - Zahnzentrum K\u00f6ln","isPartOf":{"@id":"https:\/\/www.zahnzentrumkoeln.de\/#website"},"datePublished":"2016-05-03T08:28:53+00:00","dateModified":"2017-05-09T12:31:27+00:00","description":"Die Bohrmaschine von SICAT erm\u00f6glicht Implantation pr\u00e4zise und kosteng\u00fcnstig zu planen. Feste Verankerung der Implantante und exakter Sitz. Mehr erfahren...","breadcrumb":{"@id":"https:\/\/www.zahnzentrumkoeln.de\/computergestuetzte-bohrschablone\/#breadcrumb"},"inLanguage":"en-US","potentialAction":[{"@type":"ReadAction","target":["https:\/\/www.zahnzentrumkoeln.de\/computergestuetzte-bohrschablone\/"]}]},{"@type":"BreadcrumbList","@id":"https:\/\/www.zahnzentrumkoeln.de\/computergestuetzte-bohrschablone\/#breadcrumb","itemListElement":[{"@type":"ListItem","position":1,"name":"Startseite","item":"https:\/\/www.zahnzentrumkoeln.de\/en\/"},{"@type":"ListItem","position":2,"name":"Computer-aided drilling template"}]},{"@type":"WebSite","@id":"https:\/\/www.zahnzentrumkoeln.de\/#website","url":"https:\/\/www.zahnzentrumkoeln.de\/","name":"Zahnzentrum K\u00f6ln","description":"Dr. J\u00f6rg Michel, Dr. Emre Uysal &amp; Kollegen","potentialAction":[{"@type":"SearchAction","target":{"@type":"EntryPoint","urlTemplate":"https:\/\/www.zahnzentrumkoeln.de\/?s={search_term_string}"},"query-input":{"@type":"PropertyValueSpecification","valueRequired":true,"valueName":"search_term_string"}}],"inLanguage":"en-US"}]}},"_links":{"self":[{"href":"https:\/\/www.zahnzentrumkoeln.de\/en\/wp-json\/wp\/v2\/pages\/1409","targetHints":{"allow":["GET"]}}],"collection":[{"href":"https:\/\/www.zahnzentrumkoeln.de\/en\/wp-json\/wp\/v2\/pages"}],"about":[{"href":"https:\/\/www.zahnzentrumkoeln.de\/en\/wp-json\/wp\/v2\/types\/page"}],"author":[{"embeddable":true,"href":"https:\/\/www.zahnzentrumkoeln.de\/en\/wp-json\/wp\/v2\/users\/1"}],"replies":[{"embeddable":true,"href":"https:\/\/www.zahnzentrumkoeln.de\/en\/wp-json\/wp\/v2\/comments?post=1409"}],"version-history":[{"count":0,"href":"https:\/\/www.zahnzentrumkoeln.de\/en\/wp-json\/wp\/v2\/pages\/1409\/revisions"}],"wp:attachment":[{"href":"https:\/\/www.zahnzentrumkoeln.de\/en\/wp-json\/wp\/v2\/media?parent=1409"}],"curies":[{"name":"wp","href":"https:\/\/api.w.org\/{rel}","templated":true}]}}