{"id":1336,"date":"2016-05-06T09:05:34","date_gmt":"2016-05-06T07:05:34","guid":{"rendered":"http:\/\/www.zahnzentrumkoeln.de\/prophylaxe\/"},"modified":"2017-04-21T08:57:29","modified_gmt":"2017-04-21T06:57:29","slug":"prophylaxe","status":"publish","type":"page","link":"https:\/\/www.zahnzentrumkoeln.de\/en\/prophylaxe\/","title":{"rendered":"Prophylaxe"},"content":{"rendered":"<div class=\"wpb-content-wrapper\"><p>[vc_row css=&#8221;.vc_custom_1462372359694{margin-top: 72px !important;}&#8221;][vc_column width=&#8221;2\/3&#8243;][vc_column_text]<\/p>\n<h2>Prophylaxis<\/h2>\n<p>The medical term for a professional dental cleaning, prophylaxis is purely a preventive measure. Part of your dental checkup, prophylaxis is used to remove dental plaque and other irritants from the oral cavity.<\/p>\n<p>During a dental prophylaxis, we perform both scaling and polishing. During the scaling process, dental tools are used to remove tartar, plaque, and stains from the teeth \u2013 including below the gum line. The polishing process smoothens your teeth removing rough spots which might otherwise attract bacteria.<\/p>\n<p>&nbsp;<\/p>\n<p><strong>Advantages of dental prophylaxis:<\/strong><\/p>\n<ul>\n<li>Reducing the risk of caries<\/li>\n<li>Reducing the risk of periodontal diseases<\/li>\n<li>Removing discoloration of the teeth<\/li>\n<\/ul>\n<p>&nbsp;<\/p>\n<p><strong>The importance of daily oral hygiene<\/strong><\/p>\n<p>Brush your teeth at least twice a day floss at least once a day. These activities remove plaque, which if not removed, combines with sugars to form acids that lead to tooth decay. Bacterial plaque also causes gum disease and other periodontal diseases. Our team of experienced and trained staff will show you how to use dental floss, toothbrush and toothpaste the right way.<\/p>\n<p>[\/vc_column_text][\/vc_column][vc_column width=&#8221;1\/3&#8243;][vc_widget_sidebar sidebar_id=&#8221;mfn-search&#8221;][\/vc_column][\/vc_row]<\/p>\n<\/div>","protected":false},"excerpt":{"rendered":"<p>[vc_row css=&#8221;.vc_custom_1462372359694{margin-top: 72px !important;}&#8221;][vc_column width=&#8221;2\/3&#8243;][vc_column_text] Prophylaxis The medical term for a professional dental cleaning, prophylaxis is purely a preventive measure. Part of your dental checkup, prophylaxis<span class=\"excerpt-hellip\"> [\u2026]<\/span><\/p>\n","protected":false},"author":1,"featured_media":0,"parent":0,"menu_order":0,"comment_status":"closed","ping_status":"closed","template":"","meta":{"footnotes":""},"class_list":["post-1336","page","type-page","status-publish","hentry"],"yoast_head":"<!-- This site is optimized with the Yoast SEO plugin v27.1.1 - https:\/\/yoast.com\/product\/yoast-seo-wordpress\/ -->\n<title>Prophylaxe - Zahnzentrum K\u00f6ln<\/title>\n<meta name=\"description\" content=\"Die professionelle Zahnreinigung gilt als wichtigste Prophylaxe f\u00fcr dauerhafte Zahngesundheit. Vereinbaren Sie jetzt einen Termin im Zahnzentrum K\u00f6ln.\" \/>\n<meta name=\"robots\" content=\"index, follow, max-snippet:-1, max-image-preview:large, max-video-preview:-1\" \/>\n<link rel=\"canonical\" href=\"https:\/\/www.zahnzentrumkoeln.de\/en\/prophylaxe\/\" \/>\n<meta property=\"og:locale\" content=\"en_US\" \/>\n<meta property=\"og:type\" content=\"article\" \/>\n<meta property=\"og:title\" content=\"Prophylaxe - Zahnzentrum K\u00f6ln\" \/>\n<meta property=\"og:description\" content=\"Die professionelle Zahnreinigung gilt als wichtigste Prophylaxe f\u00fcr dauerhafte Zahngesundheit. Vereinbaren Sie jetzt einen Termin im Zahnzentrum K\u00f6ln.\" \/>\n<meta property=\"og:url\" content=\"https:\/\/www.zahnzentrumkoeln.de\/en\/prophylaxe\/\" \/>\n<meta property=\"og:site_name\" content=\"Zahnzentrum K\u00f6ln\" \/>\n<meta property=\"article:modified_time\" content=\"2017-04-21T06:57:29+00:00\" \/>\n<meta name=\"twitter:card\" content=\"summary_large_image\" \/>\n<meta name=\"twitter:label1\" content=\"Est. reading time\" \/>\n\t<meta name=\"twitter:data1\" content=\"1 minute\" \/>\n<script type=\"application\/ld+json\" class=\"yoast-schema-graph\">{\"@context\":\"https:\/\/schema.org\",\"@graph\":[{\"@type\":\"WebPage\",\"@id\":\"https:\/\/www.zahnzentrumkoeln.de\/en\/prophylaxe\/\",\"url\":\"https:\/\/www.zahnzentrumkoeln.de\/en\/prophylaxe\/\",\"name\":\"Prophylaxe - Zahnzentrum K\u00f6ln\",\"isPartOf\":{\"@id\":\"https:\/\/www.zahnzentrumkoeln.de\/#website\"},\"datePublished\":\"2016-05-06T07:05:34+00:00\",\"dateModified\":\"2017-04-21T06:57:29+00:00\",\"description\":\"Die professionelle Zahnreinigung gilt als wichtigste Prophylaxe f\u00fcr dauerhafte Zahngesundheit. Vereinbaren Sie jetzt einen Termin im Zahnzentrum K\u00f6ln.\",\"breadcrumb\":{\"@id\":\"https:\/\/www.zahnzentrumkoeln.de\/en\/prophylaxe\/#breadcrumb\"},\"inLanguage\":\"en-US\",\"potentialAction\":[{\"@type\":\"ReadAction\",\"target\":[\"https:\/\/www.zahnzentrumkoeln.de\/en\/prophylaxe\/\"]}]},{\"@type\":\"BreadcrumbList\",\"@id\":\"https:\/\/www.zahnzentrumkoeln.de\/en\/prophylaxe\/#breadcrumb\",\"itemListElement\":[{\"@type\":\"ListItem\",\"position\":1,\"name\":\"Startseite\",\"item\":\"https:\/\/www.zahnzentrumkoeln.de\/en\/\"},{\"@type\":\"ListItem\",\"position\":2,\"name\":\"Prophylaxe\"}]},{\"@type\":\"WebSite\",\"@id\":\"https:\/\/www.zahnzentrumkoeln.de\/#website\",\"url\":\"https:\/\/www.zahnzentrumkoeln.de\/\",\"name\":\"Zahnzentrum K\u00f6ln\",\"description\":\"Dr. J\u00f6rg Michel, Dr. Emre Uysal &amp; Kollegen\",\"potentialAction\":[{\"@type\":\"SearchAction\",\"target\":{\"@type\":\"EntryPoint\",\"urlTemplate\":\"https:\/\/www.zahnzentrumkoeln.de\/?s={search_term_string}\"},\"query-input\":{\"@type\":\"PropertyValueSpecification\",\"valueRequired\":true,\"valueName\":\"search_term_string\"}}],\"inLanguage\":\"en-US\"}]}<\/script>\n<!-- \/ Yoast SEO plugin. -->","yoast_head_json":{"title":"Prophylaxe - Zahnzentrum K\u00f6ln","description":"Die professionelle Zahnreinigung gilt als wichtigste Prophylaxe f\u00fcr dauerhafte Zahngesundheit. Vereinbaren Sie jetzt einen Termin im Zahnzentrum K\u00f6ln.","robots":{"index":"index","follow":"follow","max-snippet":"max-snippet:-1","max-image-preview":"max-image-preview:large","max-video-preview":"max-video-preview:-1"},"canonical":"https:\/\/www.zahnzentrumkoeln.de\/en\/prophylaxe\/","og_locale":"en_US","og_type":"article","og_title":"Prophylaxe - Zahnzentrum K\u00f6ln","og_description":"Die professionelle Zahnreinigung gilt als wichtigste Prophylaxe f\u00fcr dauerhafte Zahngesundheit. Vereinbaren Sie jetzt einen Termin im Zahnzentrum K\u00f6ln.","og_url":"https:\/\/www.zahnzentrumkoeln.de\/en\/prophylaxe\/","og_site_name":"Zahnzentrum K\u00f6ln","article_modified_time":"2017-04-21T06:57:29+00:00","twitter_card":"summary_large_image","twitter_misc":{"Est. reading time":"1 minute"},"schema":{"@context":"https:\/\/schema.org","@graph":[{"@type":"WebPage","@id":"https:\/\/www.zahnzentrumkoeln.de\/en\/prophylaxe\/","url":"https:\/\/www.zahnzentrumkoeln.de\/en\/prophylaxe\/","name":"Prophylaxe - Zahnzentrum K\u00f6ln","isPartOf":{"@id":"https:\/\/www.zahnzentrumkoeln.de\/#website"},"datePublished":"2016-05-06T07:05:34+00:00","dateModified":"2017-04-21T06:57:29+00:00","description":"Die professionelle Zahnreinigung gilt als wichtigste Prophylaxe f\u00fcr dauerhafte Zahngesundheit. Vereinbaren Sie jetzt einen Termin im Zahnzentrum K\u00f6ln.","breadcrumb":{"@id":"https:\/\/www.zahnzentrumkoeln.de\/en\/prophylaxe\/#breadcrumb"},"inLanguage":"en-US","potentialAction":[{"@type":"ReadAction","target":["https:\/\/www.zahnzentrumkoeln.de\/en\/prophylaxe\/"]}]},{"@type":"BreadcrumbList","@id":"https:\/\/www.zahnzentrumkoeln.de\/en\/prophylaxe\/#breadcrumb","itemListElement":[{"@type":"ListItem","position":1,"name":"Startseite","item":"https:\/\/www.zahnzentrumkoeln.de\/en\/"},{"@type":"ListItem","position":2,"name":"Prophylaxe"}]},{"@type":"WebSite","@id":"https:\/\/www.zahnzentrumkoeln.de\/#website","url":"https:\/\/www.zahnzentrumkoeln.de\/","name":"Zahnzentrum K\u00f6ln","description":"Dr. J\u00f6rg Michel, Dr. Emre Uysal &amp; Kollegen","potentialAction":[{"@type":"SearchAction","target":{"@type":"EntryPoint","urlTemplate":"https:\/\/www.zahnzentrumkoeln.de\/?s={search_term_string}"},"query-input":{"@type":"PropertyValueSpecification","valueRequired":true,"valueName":"search_term_string"}}],"inLanguage":"en-US"}]}},"_links":{"self":[{"href":"https:\/\/www.zahnzentrumkoeln.de\/en\/wp-json\/wp\/v2\/pages\/1336","targetHints":{"allow":["GET"]}}],"collection":[{"href":"https:\/\/www.zahnzentrumkoeln.de\/en\/wp-json\/wp\/v2\/pages"}],"about":[{"href":"https:\/\/www.zahnzentrumkoeln.de\/en\/wp-json\/wp\/v2\/types\/page"}],"author":[{"embeddable":true,"href":"https:\/\/www.zahnzentrumkoeln.de\/en\/wp-json\/wp\/v2\/users\/1"}],"replies":[{"embeddable":true,"href":"https:\/\/www.zahnzentrumkoeln.de\/en\/wp-json\/wp\/v2\/comments?post=1336"}],"version-history":[{"count":0,"href":"https:\/\/www.zahnzentrumkoeln.de\/en\/wp-json\/wp\/v2\/pages\/1336\/revisions"}],"wp:attachment":[{"href":"https:\/\/www.zahnzentrumkoeln.de\/en\/wp-json\/wp\/v2\/media?parent=1336"}],"curies":[{"name":"wp","href":"https:\/\/api.w.org\/{rel}","templated":true}]}}